{"id":116,"date":"2013-03-19T11:00:34","date_gmt":"2013-03-19T11:00:34","guid":{"rendered":"https:\/\/hydra.themes.pixelentity.com\/?page_id=116"},"modified":"2015-07-10T13:20:38","modified_gmt":"2015-07-10T12:20:38","slug":"ambitions","status":"publish","type":"page","link":"https:\/\/www.handiem.org\/portraits\/ambitions\/","title":{"rendered":"Ambitions"},"content":{"rendered":"<div style=\"text-align: center;\">\n<p style=\"margin: -100px auto 70px auto; display: block;\"><em><strong><span class=\"exergue\" style=\"color: #ffffff;\">\u00ab Faire na\u00eetre et grandir les initiatives en faveur de l\u2019emploi des personnes handicap\u00e9es. \u00bb<\/span><\/strong><\/em><\/p>\n<\/div>\n<p><img loading=\"lazy\" decoding=\"async\" style=\"margin-bottom: -20px;\" src=\"https:\/\/www.handiem.org\/portraits\/wp-content\/uploads\/2013\/03\/img4-e1436450901376.jpg\" alt=\"Ligne verticale\" width=\"120\" height=\"1\" \/><\/p>\n<p><strong style=\"line-height: 1.5;\"><br \/>\nIls\/elles sont employ\u00e9s\u00a0<\/strong><span style=\"line-height: 1.5;\"> administratifs, op\u00e9ratrices de production, superviseurs, directeurs d&rsquo;\u00e9tablissement, DRH, correspondants handicap, caristes, biologistes, techniciennes de laboratoire, secr\u00e9taires de directions, assistantes force de vente, pr\u00e9parateurs de commande &#8230;<\/span><\/p>\n<p>Ils\/elles ont en commun d&rsquo;avoir accept\u00e9<strong><span style=\"color: #999999;\"> de parler de leur quotidien.<\/span><\/strong> Un quotidien pas comme les autres car pour certains, il est <span style=\"color: #999999;\"><strong>marqu\u00e9 par un handicap.<\/strong><\/span><\/p>\n<p>Tous ont en commun de travailler dans une <strong><span style=\"color: #999999;\">entreprise pharmaceutique<\/span><\/strong>. Ils sont les t\u00e9moins d&rsquo;une volont\u00e9 inscrite dans l&rsquo;un des premiers accord de branche sign\u00e9 en France, en faveur de <span style=\"color: #999999;\"><strong>l&#8217;emploi des personnes handicap\u00e9es.<\/strong><\/span><\/p>\n<p>Chacun, dans sa fonction, t\u00e9moigne de la <span style=\"color: #999999;\"><strong>volont\u00e9 d&rsquo;accompagner, de s&rsquo;engager<\/strong><\/span> ou de poursuivre un parcours professionnel <span style=\"color: #999999;\"><strong>respectueux de toutes les comp\u00e9tences, de toutes les identit\u00e9s<\/strong><\/span>.<\/p>\n<p>Pour tous, chaque entreprise et <span style=\"color: #999999;\"><strong>l&rsquo;association HandiEM<\/strong><\/span>, en charge de l&rsquo;application de cet accord, unissent leurs forces pour <strong><span style=\"color: #999999;\">faire na\u00eetre et grandir les initiatives en faveur de l&#8217;emploi des personnes handicap\u00e9es<\/span><\/strong>.<\/p>\n<p>Des paroles donn\u00e9es dans ce <span style=\"color: #999999;\"><em>\u00ab\u00a0Mur de portraits\u00a0\u00bb<\/em><\/span>, rien n&rsquo;est factice, rien n&rsquo;est jou\u00e9, rien n&rsquo;est \u00e9crit pour\u00a0 convaincre. Avec un langage de v\u00e9rit\u00e9, elles t\u00e9moignent de la diversit\u00e9 des situations v\u00e9cues et de <strong><span style=\"color: #999999;\">la mobilisation pour apporter des r\u00e9ponses adapt\u00e9es aux besoins de chacun<\/span><\/strong>.<\/p>\n<p>Ce \u00ab\u00a0Mur\u00a0\u00bb est mis en ligne pour la premi\u00e8re fois en juillet\u00a02015. Les s\u00e9quences pr\u00e9sentent des situations concr\u00e8tes, dont le r\u00e9cit est inscrit dans <span style=\"color: #999999;\"><strong>une s\u00e9rie de films baptis\u00e9e \u00ab\u00a0Itin\u00e9raires\u00a0\u00bb<\/strong><\/span>, produits par l&rsquo;association, <em><a href=\"https:\/\/www.handiem.org\/index.php\/qui-sommes-nous\/temoignages\/itineraires\" target=\"_blank\">en ligne sur le site\u00a0handiem.org<\/a>.<\/em><\/p>\n<p>Ce Mur proposera chaque mois de nouveaux portraits, de nouveaux t\u00e9moignages. <span style=\"color: #999999;\"><strong>Il contribuera ainsi\u00a0 \u00e0 porter l&rsquo;ambition de faire des 248 entreprises et des 64.000 collaborateurs concern\u00e9s, des promoteurs et ambassadeurs actifs de la diversit\u00e9 dans le monde du travail.<\/strong><\/span><\/p>\n","protected":false},"excerpt":{"rendered":"<p>\u00ab Faire na\u00eetre et grandir les initiatives en faveur de l\u2019emploi des personnes handicap\u00e9es. \u00bb Ils\/elles sont employ\u00e9s\u00a0 administratifs, op\u00e9ratrices de production, superviseurs, directeurs d&rsquo;\u00e9tablissement, DRH, correspondants handicap, caristes, biologistes, techniciennes de laboratoire, secr\u00e9taires de directions, assistantes force de vente, pr\u00e9parateurs de commande &#8230; Ils\/elles ont en commun d&rsquo;avoir accept\u00e9 de parler de leur quotidien.<\/p>\n","protected":false},"author":1,"featured_media":0,"parent":0,"menu_order":0,"comment_status":"closed","ping_status":"closed","template":"","meta":{"footnotes":""},"tags":[7],"_links":{"self":[{"href":"https:\/\/www.handiem.org\/portraits\/wp-json\/wp\/v2\/pages\/116"}],"collection":[{"href":"https:\/\/www.handiem.org\/portraits\/wp-json\/wp\/v2\/pages"}],"about":[{"href":"https:\/\/www.handiem.org\/portraits\/wp-json\/wp\/v2\/types\/page"}],"author":[{"embeddable":true,"href":"https:\/\/www.handiem.org\/portraits\/wp-json\/wp\/v2\/users\/1"}],"replies":[{"embeddable":true,"href":"https:\/\/www.handiem.org\/portraits\/wp-json\/wp\/v2\/comments?post=116"}],"version-history":[{"count":77,"href":"https:\/\/www.handiem.org\/portraits\/wp-json\/wp\/v2\/pages\/116\/revisions"}],"predecessor-version":[{"id":450,"href":"https:\/\/www.handiem.org\/portraits\/wp-json\/wp\/v2\/pages\/116\/revisions\/450"}],"wp:attachment":[{"href":"https:\/\/www.handiem.org\/portraits\/wp-json\/wp\/v2\/media?parent=116"}],"wp:term":[{"taxonomy":"post_tag","embeddable":true,"href":"https:\/\/www.handiem.org\/portraits\/wp-json\/wp\/v2\/tags?post=116"}],"curies":[{"name":"wp","href":"https:\/\/api.w.org\/{rel}","templated":true}]}}